{"id":126,"date":"2023-01-18T14:19:53","date_gmt":"2023-01-18T13:19:53","guid":{"rendered":"https:\/\/www.madrigalchor-brakel.de\/wp_2023\/?page_id=126"},"modified":"2023-01-18T14:19:54","modified_gmt":"2023-01-18T13:19:54","slug":"brakeler-madrigalchor-singt-zwei-konzerte-in-rom","status":"publish","type":"page","link":"https:\/\/www.madrigalchor-brakel.de\/wp_2023\/brakeler-madrigalchor-singt-zwei-konzerte-in-rom\/","title":{"rendered":"Brakeler Madrigalchor singt zwei Konzerte in Rom"},"content":{"rendered":"\n<p class=\"has-small-font-size\">Bericht Westfalen-Blatt<\/p>\n\n\n\n<p>Was als schiere Illusion begann, wurde Wirklichkeit: 60 Vokalisten des Brakeler Madrigalchors haben am Palmsonntag 2008 in der r\u00f6mischen Kirche San Paolo entro le Mura vor einheimischem und internationalem Publikum die englische Version des Oratoriums Messiah (\u201eDer Messias\u201c) von Georg Friedrich H\u00e4ndel gesungen und zwei Tage sp\u00e4ter noch einen Gottesdienst im Petersdom musikalisch gestaltet.<\/p>\n\n\n\n<p>Dem erfahrenen Leiter des Brakeler Traditionsensembles Hans-Martin Fr\u00f6hling ist es zu verdanken, dass die musikbegeisterten Ostwestfalen diese einmalige Chance wahrnehmen konnten. Begleitet von einem r\u00f6mischen Barockorchester und italienischen sowie deutschen Solisten wurde das ber\u00fchmteste Oratorium H\u00e4ndels, der es wegen seiner Auferstehungs- und Erl\u00f6sungsvisionen stets in der Fasten- und Osterzeit auf den Spielplan setzte, in der ausverkauften Konzertkirche mit viel Applaus belohnt.<\/p>\n\n\n\n<p>Einige britische Zuh\u00f6rer erhoben sich beim \u201eHalleluja\u201c von ihren Pl\u00e4tzen und nahmen mit ans Herz gelegter rechter Hand Haltung ein. Ursache f\u00fcr diese f\u00fcr uns ungew\u00f6hnliche Reaktion ist eine legend\u00e4re Ergriffenheit K\u00f6nig Georgs II, der beim ersten H\u00f6ren des Halleluja aufgesprungen sein soll und mit dieser Geste seine Gef\u00fchle zeigte. Die Brakeler S\u00e4nger bedankten sich bei dem wunderbaren Publikum mit Zugaben und genossen einige r\u00f6mische Tage.<\/p>\n\n\n\n<p>Auf eine Einladung der die Chorfahrt organisierenden Konzertagentur sang der Madrigalchor dann am Karwochendienstag im Hauptschiff des Petersdomes \u00e0-cappella Lieder von Bruckner, Homilius, Mozart sowie den altitalienischen Hymnus Alta trinita beata. Hohe kirchliche W\u00fcrdentr\u00e4ger und Besucher des weltber\u00fchmtesten Gotteshauses nahmen die Interpretationen der Brakeler mit Freude wahr und applaudierten am Ende des Gottesdienstes. Als sich der Chor dann zwischen diesen unermesslichen kunsthistorischen Sch\u00e4tzen nach getaner Arbeit wiederfand und die Anspannung nachlie\u00df, realisierten die meisten S\u00e4nger erst, was sie erlebt hatten und blieben einige Zeit ergriffen unter den S\u00e4ulen Berninis oder vor dem Obelisken am Petersplatz stehen, um die ganze Stimmung dieses Ortes zu verinnerlichen. Manche hatten wirklich das Gef\u00fchl, f\u00fcr oder mit Gott gesungen zu haben.<\/p>\n\n\n\n<p>Dr. Uschi Hofer<\/p>\n","protected":false},"excerpt":{"rendered":"<p>Bericht Westfalen-Blatt Was als schiere Illusion begann, wurde Wirklichkeit: 60 Vokalisten des Brakeler Madrigalchors haben am Palmsonntag 2008 in der r\u00f6mischen Kirche San Paolo entro le Mura vor einheimischem und internationalem Publikum die englische Version des Oratoriums Messiah (\u201eDer Messias\u201c) von Georg Friedrich H\u00e4ndel gesungen und zwei Tage sp\u00e4ter noch einen Gottesdienst im Petersdom musikalisch <a class=\"read-more\" href=\"https:\/\/www.madrigalchor-brakel.de\/wp_2023\/brakeler-madrigalchor-singt-zwei-konzerte-in-rom\/\">weiter lesen<\/a><\/p>\n","protected":false},"author":1,"featured_media":47,"parent":0,"menu_order":0,"comment_status":"closed","ping_status":"closed","template":"","meta":{"footnotes":""},"class_list":["post-126","page","type-page","status-publish","has-post-thumbnail","hentry"],"_links":{"self":[{"href":"https:\/\/www.madrigalchor-brakel.de\/wp_2023\/wp-json\/wp\/v2\/pages\/126","targetHints":{"allow":["GET"]}}],"collection":[{"href":"https:\/\/www.madrigalchor-brakel.de\/wp_2023\/wp-json\/wp\/v2\/pages"}],"about":[{"href":"https:\/\/www.madrigalchor-brakel.de\/wp_2023\/wp-json\/wp\/v2\/types\/page"}],"author":[{"embeddable":true,"href":"https:\/\/www.madrigalchor-brakel.de\/wp_2023\/wp-json\/wp\/v2\/users\/1"}],"replies":[{"embeddable":true,"href":"https:\/\/www.madrigalchor-brakel.de\/wp_2023\/wp-json\/wp\/v2\/comments?post=126"}],"version-history":[{"count":1,"href":"https:\/\/www.madrigalchor-brakel.de\/wp_2023\/wp-json\/wp\/v2\/pages\/126\/revisions"}],"predecessor-version":[{"id":127,"href":"https:\/\/www.madrigalchor-brakel.de\/wp_2023\/wp-json\/wp\/v2\/pages\/126\/revisions\/127"}],"wp:featuredmedia":[{"embeddable":true,"href":"https:\/\/www.madrigalchor-brakel.de\/wp_2023\/wp-json\/wp\/v2\/media\/47"}],"wp:attachment":[{"href":"https:\/\/www.madrigalchor-brakel.de\/wp_2023\/wp-json\/wp\/v2\/media?parent=126"}],"curies":[{"name":"wp","href":"https:\/\/api.w.org\/{rel}","templated":true}]}}