{"id":66,"date":"2023-01-17T17:34:58","date_gmt":"2023-01-17T16:34:58","guid":{"rendered":"https:\/\/www.madrigalchor-brakel.de\/wp_2023\/?page_id=66"},"modified":"2023-04-25T13:25:53","modified_gmt":"2023-04-25T11:25:53","slug":"leitung","status":"publish","type":"page","link":"https:\/\/www.madrigalchor-brakel.de\/wp_2023\/leitung\/","title":{"rendered":"Leitung"},"content":{"rendered":"\n<div class=\"wp-block-columns is-layout-flex wp-container-core-columns-is-layout-9d6595d7 wp-block-columns-is-layout-flex\">\n<div class=\"wp-block-column is-layout-flow wp-block-column-is-layout-flow\">\n<figure class=\"wp-block-image size-large\"><img loading=\"lazy\" decoding=\"async\" width=\"1024\" height=\"683\" src=\"https:\/\/www.madrigalchor-brakel.de\/wp_2023\/wp-content\/uploads\/2023\/04\/Vorstand-2023-1024x683.jpg\" alt=\"\" class=\"wp-image-344\" srcset=\"https:\/\/www.madrigalchor-brakel.de\/wp_2023\/wp-content\/uploads\/2023\/04\/Vorstand-2023-1024x683.jpg 1024w, https:\/\/www.madrigalchor-brakel.de\/wp_2023\/wp-content\/uploads\/2023\/04\/Vorstand-2023-300x200.jpg 300w, https:\/\/www.madrigalchor-brakel.de\/wp_2023\/wp-content\/uploads\/2023\/04\/Vorstand-2023-768x512.jpg 768w, https:\/\/www.madrigalchor-brakel.de\/wp_2023\/wp-content\/uploads\/2023\/04\/Vorstand-2023-1536x1024.jpg 1536w, https:\/\/www.madrigalchor-brakel.de\/wp_2023\/wp-content\/uploads\/2023\/04\/Vorstand-2023.jpg 2048w\" sizes=\"auto, (max-width: 1024px) 100vw, 1024px\" \/><figcaption class=\"wp-element-caption\">Vorstand 2023<\/figcaption><\/figure>\n<\/div>\n\n\n\n<div class=\"wp-block-column is-layout-flow wp-block-column-is-layout-flow\">\n<p><strong>Der Vorstand<\/strong><\/p>\n\n\n\n<p><strong>Pressewartin: <\/strong>Dr.\u00a0Ursula Hofer<br><strong>Kassenwartin:<\/strong> Uta Treek<br><strong>2.\u00a0Vorsitzende: <\/strong>Monica Wiegand-Hoormann<br><strong>Schriftf\u00fchrer: <\/strong>Joseph Rode<br><strong>1.\u00a0Vorsitzender:<\/strong> Peter Henkel<br><strong>Dirigent und k\u00fcnstlerischer Leiter: <\/strong>Hans-Martin Fr\u00f6hling<\/p>\n<\/div>\n<\/div>\n\n\n\n<hr class=\"wp-block-separator has-alpha-channel-opacity\"\/>\n\n\n\n<div class=\"wp-block-columns is-layout-flex wp-container-core-columns-is-layout-9d6595d7 wp-block-columns-is-layout-flex\">\n<div class=\"wp-block-column is-layout-flow wp-block-column-is-layout-flow\" style=\"flex-basis:66.66%\">\n<p><strong>Hans-Martin Fr\u00f6hling<\/strong><br> <br>studierte Schulmusik an der Musikhochschule Detmold mit den Hauptf\u00e4chern Klavier und Ensembleleitung sowie Germanistik an der Universit\u00e4t Paderborn. Au\u00dferdem absolvierte er von 1985 bis 1989 ein Dirigierstudium an der Musikhochschule Detmold, das er mit der K\u00fcnstlerischen Reifepr\u00fcfung abschloss.<\/p>\n\n\n\n<p>Nach Beendigung des Referendariates ist er seit 1991 am Gymnasium St. Xaver in Bad Driburg t\u00e4tig. Dort ist er u.a. f\u00fcr das Schulorchester verantwortlich, das auf regelm\u00e4\u00dfigen Auslandsreisen (Ungarn, Frankreich, Schweiz, Italien) und zahlreichen Konzerten in der Region sein hohes Niveau unter Beweis stellt. Seit 1978 leitet Hans-Martin Fr\u00f6hling verschiedene Ch\u00f6re und Orchester, mit denen er schwerpunktm\u00e4\u00dfig gro\u00dfe oratorische bzw. sinfonische Werke auff\u00fchrt.<\/p>\n<\/div>\n\n\n\n<div class=\"wp-block-column is-layout-flow wp-block-column-is-layout-flow\" style=\"flex-basis:33.33%\">\n<figure class=\"wp-block-image size-full\"><img loading=\"lazy\" decoding=\"async\" width=\"150\" height=\"225\" src=\"https:\/\/www.madrigalchor-brakel.de\/wp_2023\/wp-content\/uploads\/2023\/01\/chorleiter.jpg\" alt=\"\" class=\"wp-image-24\"\/><\/figure>\n<\/div>\n<\/div>\n\n\n\n<hr class=\"wp-block-separator has-alpha-channel-opacity\"\/>\n\n\n\n<div class=\"wp-block-columns is-layout-flex wp-container-core-columns-is-layout-9d6595d7 wp-block-columns-is-layout-flex\">\n<div class=\"wp-block-column is-layout-flow wp-block-column-is-layout-flow\">\n<figure class=\"wp-block-image size-full\"><img loading=\"lazy\" decoding=\"async\" width=\"540\" height=\"360\" src=\"https:\/\/www.madrigalchor-brakel.de\/wp_2023\/wp-content\/uploads\/2023\/01\/greta-junker-ehrenvorsitzende.jpg\" alt=\"\" class=\"wp-image-13\" srcset=\"https:\/\/www.madrigalchor-brakel.de\/wp_2023\/wp-content\/uploads\/2023\/01\/greta-junker-ehrenvorsitzende.jpg 540w, https:\/\/www.madrigalchor-brakel.de\/wp_2023\/wp-content\/uploads\/2023\/01\/greta-junker-ehrenvorsitzende-300x200.jpg 300w\" sizes=\"auto, (max-width: 540px) 100vw, 540px\" \/><\/figure>\n<\/div>\n\n\n\n<div class=\"wp-block-column is-layout-flow wp-block-column-is-layout-flow\">\n<p><strong>Greta Junker als Ehrenvorsitzende im Madrigalchor Brakel<\/strong><\/p>\n\n\n\n<p>Greta Junker steuerte die Geschicke des Madrigalchores zweieinhalb Jahrzehnte lang mit gro\u00dfem Geschick und Liebe zur Musik. Nat\u00fcrlich lie\u00df es sich der Chor nicht nehmen, ihr am 3. M\u00e4rz 2019 bei Elbracht-H\u00e4lseweh einige St\u00e4ndchen zum achtzigsten Geburtstag zu bringen und konnte mit ihr eine heitere und elegante Jubilarin hoch leben lassen. Seit dem Jahr 2022 ist sie kein aktives Chormitglied mehr.<\/p>\n\n\n\n<p><\/p>\n\n\n\n<p>Greta Junker (1. Reihe, 6. v.r.)<\/p>\n<\/div>\n<\/div>\n\n\n\n<div class=\"wp-block-columns is-layout-flex wp-container-core-columns-is-layout-9d6595d7 wp-block-columns-is-layout-flex\">\n<div class=\"wp-block-column is-layout-flow wp-block-column-is-layout-flow\" style=\"flex-basis:66.66%\">\n<p><\/p>\n<\/div>\n\n\n\n<div class=\"wp-block-column is-layout-flow wp-block-column-is-layout-flow\" style=\"flex-basis:33.33%\"><\/div>\n<\/div>\n","protected":false},"excerpt":{"rendered":"<p>Der Vorstand Pressewartin: Dr.\u00a0Ursula HoferKassenwartin: Uta Treek2.\u00a0Vorsitzende: Monica Wiegand-HoormannSchriftf\u00fchrer: Joseph Rode1.\u00a0Vorsitzender: Peter HenkelDirigent und k\u00fcnstlerischer Leiter: Hans-Martin Fr\u00f6hling Hans-Martin Fr\u00f6hling studierte Schulmusik an der Musikhochschule Detmold mit den Hauptf\u00e4chern Klavier und Ensembleleitung sowie Germanistik an der Universit\u00e4t Paderborn. Au\u00dferdem absolvierte er von 1985 bis 1989 ein Dirigierstudium an der Musikhochschule Detmold, das er mit der <a class=\"read-more\" href=\"https:\/\/www.madrigalchor-brakel.de\/wp_2023\/leitung\/\">weiter lesen<\/a><\/p>\n","protected":false},"author":1,"featured_media":0,"parent":0,"menu_order":0,"comment_status":"closed","ping_status":"closed","template":"","meta":{"footnotes":""},"class_list":["post-66","page","type-page","status-publish","hentry"],"_links":{"self":[{"href":"https:\/\/www.madrigalchor-brakel.de\/wp_2023\/wp-json\/wp\/v2\/pages\/66","targetHints":{"allow":["GET"]}}],"collection":[{"href":"https:\/\/www.madrigalchor-brakel.de\/wp_2023\/wp-json\/wp\/v2\/pages"}],"about":[{"href":"https:\/\/www.madrigalchor-brakel.de\/wp_2023\/wp-json\/wp\/v2\/types\/page"}],"author":[{"embeddable":true,"href":"https:\/\/www.madrigalchor-brakel.de\/wp_2023\/wp-json\/wp\/v2\/users\/1"}],"replies":[{"embeddable":true,"href":"https:\/\/www.madrigalchor-brakel.de\/wp_2023\/wp-json\/wp\/v2\/comments?post=66"}],"version-history":[{"count":15,"href":"https:\/\/www.madrigalchor-brakel.de\/wp_2023\/wp-json\/wp\/v2\/pages\/66\/revisions"}],"predecessor-version":[{"id":352,"href":"https:\/\/www.madrigalchor-brakel.de\/wp_2023\/wp-json\/wp\/v2\/pages\/66\/revisions\/352"}],"wp:attachment":[{"href":"https:\/\/www.madrigalchor-brakel.de\/wp_2023\/wp-json\/wp\/v2\/media?parent=66"}],"curies":[{"name":"wp","href":"https:\/\/api.w.org\/{rel}","templated":true}]}}