{"id":70,"date":"2023-01-17T17:34:58","date_gmt":"2023-01-17T16:34:58","guid":{"rendered":"https:\/\/www.madrigalchor-brakel.de\/wp_2023\/?page_id=70"},"modified":"2023-01-20T11:50:47","modified_gmt":"2023-01-20T10:50:47","slug":"historie","status":"publish","type":"page","link":"https:\/\/www.madrigalchor-brakel.de\/wp_2023\/historie\/","title":{"rendered":"Historie"},"content":{"rendered":"\n<p>Der Madrigalchor Brakel beging im Jahr 2007 sein f\u00fcnfzigj\u00e4hriges Bestehen. 1957 wurde der Chor als &#8222;Singgemeinschaft&#8220; von Josef Knuffmann (\u2020 2004) gegr\u00fcndet und trat bald mit Madrigalen und Volkslieds\u00e4tzen an die \u00d6ffentlichkeit. 1981 \u00fcbernahm Christoph Scholz die Leitung des Ensembles, das sich nun Madrigalchor Brakel e.V. nannte. Er legte den Schwerpunkt seiner Arbeit auf die Einstudierung gro\u00dfer Oratorien von Bach, H\u00e4ndel, Haydn und Verdi. Seit 1996 wird der Chor von Hans-Martin Fr\u00f6hling geleitet, der seitdem ebenfalls gro\u00dfe oratorische Werke mit dem Chor erarbeitet, so zum Beispiel die Requiemvertonungen von Brahms, Dvorak, Mozart und Verdi. <\/p>\n\n\n\n<p>Auch die gro\u00dfen Oratorien von Haydn und Mendelssohn sowie H\u00e4ndels &#8222;Messias&#8220; oder Bachs &#8222;Magnificat&#8220; und sein &#8222;Weihnachtsoratorium&#8220; wurden realisiert. 2004 f\u00fchrte der Chor das &#8222;Lied von der Glocke&#8220; von Andreas Romberg im Rahmen des Er\u00f6ffnungskonzertes zum Stadtjubil\u00e4um der Stadt Brakel auf. Neben a-capella Konzerten (so z.B. beim \u00fcberregional bedeutenden &#8222;Dalheimer Sommer&#8220; oder zuletzt beim viel beachteten Klosterfestivals 2010 der Klosterregion Kulturland Kreis H\u00f6xter) ist es ein Ziel des Madrigalchores, auch neue, zeitgen\u00f6ssische oder weniger bekannte Werke dem Konzertpublikum zu pr\u00e4sentieren. So zum Beispiel 2002 mit dem Magnificat von John Rutter, 2004 mit der &#8222;Sea-Symphony&#8220; von Ralph Vaughan Williams, oder 2005 mit dem &#8222;Stern von Bethlehem&#8220; von Joseph Gabriel Rheinberger. <\/p>\n\n\n\n<p>Der Madrigalchor Brakel arbeitete in den Konzerten mit dem G\u00f6ttinger Symphonie Orchester, der Polnischen Staatsphilharmonie Lublin, dem Ensemble &#8222;Le nuove musiche&#8220;, der Neuen Philharmonie Westfalen, dem Orchester des Landestheaters Detmold und anderen Orchestern zusammen. Seit 2003 ist der Chor Mitglied im &#8222;Verband Deutscher Konzertch\u00f6re&#8220;.<\/p>\n","protected":false},"excerpt":{"rendered":"<p>Der Madrigalchor Brakel beging im Jahr 2007 sein f\u00fcnfzigj\u00e4hriges Bestehen. 1957 wurde der Chor als &#8222;Singgemeinschaft&#8220; von Josef Knuffmann (\u2020 2004) gegr\u00fcndet und trat bald mit Madrigalen und Volkslieds\u00e4tzen an die \u00d6ffentlichkeit. 1981 \u00fcbernahm Christoph Scholz die Leitung des Ensembles, das sich nun Madrigalchor Brakel e.V. nannte. Er legte den Schwerpunkt seiner Arbeit auf die <a class=\"read-more\" href=\"https:\/\/www.madrigalchor-brakel.de\/wp_2023\/historie\/\">weiter lesen<\/a><\/p>\n","protected":false},"author":1,"featured_media":0,"parent":0,"menu_order":0,"comment_status":"closed","ping_status":"closed","template":"","meta":{"footnotes":""},"class_list":["post-70","page","type-page","status-publish","hentry"],"_links":{"self":[{"href":"https:\/\/www.madrigalchor-brakel.de\/wp_2023\/wp-json\/wp\/v2\/pages\/70","targetHints":{"allow":["GET"]}}],"collection":[{"href":"https:\/\/www.madrigalchor-brakel.de\/wp_2023\/wp-json\/wp\/v2\/pages"}],"about":[{"href":"https:\/\/www.madrigalchor-brakel.de\/wp_2023\/wp-json\/wp\/v2\/types\/page"}],"author":[{"embeddable":true,"href":"https:\/\/www.madrigalchor-brakel.de\/wp_2023\/wp-json\/wp\/v2\/users\/1"}],"replies":[{"embeddable":true,"href":"https:\/\/www.madrigalchor-brakel.de\/wp_2023\/wp-json\/wp\/v2\/comments?post=70"}],"version-history":[{"count":6,"href":"https:\/\/www.madrigalchor-brakel.de\/wp_2023\/wp-json\/wp\/v2\/pages\/70\/revisions"}],"predecessor-version":[{"id":286,"href":"https:\/\/www.madrigalchor-brakel.de\/wp_2023\/wp-json\/wp\/v2\/pages\/70\/revisions\/286"}],"wp:attachment":[{"href":"https:\/\/www.madrigalchor-brakel.de\/wp_2023\/wp-json\/wp\/v2\/media?parent=70"}],"curies":[{"name":"wp","href":"https:\/\/api.w.org\/{rel}","templated":true}]}}